{"id":658,"date":"2016-06-25T21:24:27","date_gmt":"2016-06-25T19:24:27","guid":{"rendered":"http:\/\/www.jamesjakuzzi.ch\/SCHNITT\/?page_id=658"},"modified":"2022-11-11T11:50:37","modified_gmt":"2022-11-11T10:50:37","slug":"agb","status":"publish","type":"page","link":"http:\/\/www.jamesjakuzzi.ch\/SCHNITT\/agb\/","title":{"rendered":"AGB"},"content":{"rendered":"<div class=\"wpb-content-wrapper\"><p>[vc_row][vc_column][vc_custom_heading]Allgemeine Gesch\u00e4ftsbedingungen | AGB[\/vc_custom_heading][vc_column_text uncode_shortcode_id=&#187;186272&#8243;]<\/p>\n<section id=\"builder-section-1466882270953\" class=\"builder-section builder-section-prev-text builder-section-text builder-section-last builder-text-columns-1\">\n<h5>Geltungsbereich<\/h5>\n<div class=\"builder-section-content\">\n<div id=\"builder-section-1466882270953-column-1\" class=\"builder-text-column builder-text-column-1\">\n<div class=\"builder-text-content\">\n<div class=\"page\" title=\"Page 1\">\n<div class=\"layoutArea\">\n<div class=\"column\">\n<p>Die vorliegenden Allgemeinen Gesch\u00e4ftsbedingungen (AGB) regeln das Verh\u00e4ltnis zwischen den Kundinnen und den Kunden (nachfolgend Kunde genannt) sowie von Schnittwerk Bikes zu allen Dienstleistungen und Verk\u00e4ufen, die durch Schnittwerk Bikes erbracht werden.<\/p>\n<div class=\"page\" title=\"Page 1\">\n<div class=\"layoutArea\">\n<div class=\"column\">\n<h5>Zahlungsweise<\/h5>\n<ul>\n<li>Reparaturen bis 300 CHF erfolgen nur gegen Barzahlung. \u00dcberschreitet die Reparatur diesen\u00a0Betrag so wird die H\u00e4lfte des Endbetrages (gem\u00e4ss Offerte) im Voraus f\u00e4llig. Der Restbetrag kann bei Abholung des Fahrrades in Bar beglichen werden oder per \u00dcberweisung im Voraus bezahlt werden.<\/li>\n<li>Bei Custom Fahrr\u00e4der (Kundenauftrag) oder Restaurationen wird die H\u00e4lfte des Betrages (gem\u00e4ss Offerte) im Voraus f\u00e4llig. Der Restbetrag kann bei Abholung des Fahrrades in Bar beglichen werden oder per \u00dcberweisung im Voraus bezahlt werden.<\/li>\n<li>Alle von Schnittwerk Bikes verkauften Artikel bleiben bis zur vollst\u00e4ndigen Bezahlung deren Eigentum.<\/li>\n<\/ul>\n<h5>Erf\u00fcllungsmodalit\u00e4ten<\/h5>\n<p>Der Kaufgegenstand wird durch den Kunden bei Schnittwerk Bikes auf eigene Kosten abgeholt. Nutzen und Gefahr gehen zu diesem Zeitpunkt auf den K\u00e4ufer \u00fcber.<\/p>\n<h5>Garantie<\/h5>\n<p>Schnittwerk Bikes gew\u00e4hrt dem Kunden grunds\u00e4tzlich eine Garantie von einem Jahr (oder anders, falls vom Lieferanten so vorgesehen). Ausgenommen davon sind alle Verschleissteile wie Schl\u00e4uche, Pneus, Ketten, Brems- und Schaltkabel sowie H\u00fcllen.<\/p>\n<h5 class=\"page\" title=\"Page 1\">Umtausch und Reklamationen<\/h5>\n<p class=\"page\" title=\"Page 1\">Umtausch und Reklamationen k\u00f6nnen nur innerhalb von 10 Tagen nach Auslieferung der Ware ber\u00fccksichtigt werden.<\/p>\n<h5 class=\"page\" title=\"Page 1\">Irrt\u00fcmer und Preis\u00e4nderungen<\/h5>\n<p>Irrt\u00fcmer und Preis\u00e4nderung sind vorbehalten.<\/p>\n<h5 class=\"page\" title=\"Page 1\">Haftung<\/h5>\n<p class=\"page\" title=\"Page 1\">Jegliche Haftung von Schnittwerk Bikes f\u00fcr mittelbare, indirekte oder Folgesch\u00e4den, entgangenen Gewinn, Verdienstausfall wird, soweit gesetzlich zul\u00e4ssig, ausgeschlossen.<\/p>\n<h5 class=\"page\" title=\"Page 1\">Anwendbares Recht und Gerichtsstand<\/h5>\n<div class=\"page\" title=\"Page 1\">Auf diesen Kaufvertrag ist schweizerisches Recht anwendbar. Gerichtsstand bei allf\u00e4lligen Streitigkeiten aus diesem Kaufvertrag ist Bern.<\/div>\n<\/div>\n<\/div>\n<\/div>\n<\/div>\n<\/div>\n<\/div>\n<\/div>\n<\/div>\n<\/div>\n<\/section>\n<section id=\"builder-section-1466882798852\" class=\"builder-section builder-section-prev-text builder-section-text builder-section-last builder-text-columns-3\">\n<div class=\"builder-section-content\">\n<div id=\"builder-section-1466882798852-column-1\" class=\"builder-text-column builder-text-column-1\">\n<div class=\"builder-text-content\">\n<p><small><span style=\"color: #999999;\"><a style=\"color: #999999;\" href=\"mailto:hello@schnittwerkbikes.ch\" target=\"_blank\" rel=\"noopener\">hello@schnittwerkbikes.ch<\/a><\/span><\/small><br \/>\n<small><span style=\"color: #999999;\"><a style=\"color: #999999;\" href=\"http:\/\/www.schnittwerkbikes.ch\" target=\"_blank\" rel=\"noopener\">www.schnittwerkbikes.ch<\/a><\/span><\/small><\/p>\n<p>\u00a9 SHNTWERK Bikes 2022<\/p>\n<\/div>\n<\/div>\n<\/div>\n<\/section>\n<p>[\/vc_column_text][\/vc_column][\/vc_row]<\/p>\n<\/div>","protected":false},"excerpt":{"rendered":"<p>[vc_row][vc_column][vc_custom_heading]Allgemeine Gesch\u00e4ftsbedingungen | AGB[\/vc_custom_heading][vc_column_text uncode_shortcode_id=&#187;186272&#8243;] Geltungsbereich Die vorliegenden Allgemeinen Gesch\u00e4ftsbedingungen (AGB) regeln das Verh\u00e4ltnis zwischen den Kundinnen und den Kunden [&hellip;]<\/p>\n","protected":false},"author":1,"featured_media":0,"parent":0,"menu_order":0,"comment_status":"closed","ping_status":"closed","template":"","meta":{"footnotes":""},"_links":{"self":[{"href":"http:\/\/www.jamesjakuzzi.ch\/SCHNITT\/wp-json\/wp\/v2\/pages\/658"}],"collection":[{"href":"http:\/\/www.jamesjakuzzi.ch\/SCHNITT\/wp-json\/wp\/v2\/pages"}],"about":[{"href":"http:\/\/www.jamesjakuzzi.ch\/SCHNITT\/wp-json\/wp\/v2\/types\/page"}],"author":[{"embeddable":true,"href":"http:\/\/www.jamesjakuzzi.ch\/SCHNITT\/wp-json\/wp\/v2\/users\/1"}],"replies":[{"embeddable":true,"href":"http:\/\/www.jamesjakuzzi.ch\/SCHNITT\/wp-json\/wp\/v2\/comments?post=658"}],"version-history":[{"count":3,"href":"http:\/\/www.jamesjakuzzi.ch\/SCHNITT\/wp-json\/wp\/v2\/pages\/658\/revisions"}],"predecessor-version":[{"id":1489,"href":"http:\/\/www.jamesjakuzzi.ch\/SCHNITT\/wp-json\/wp\/v2\/pages\/658\/revisions\/1489"}],"wp:attachment":[{"href":"http:\/\/www.jamesjakuzzi.ch\/SCHNITT\/wp-json\/wp\/v2\/media?parent=658"}],"curies":[{"name":"wp","href":"https:\/\/api.w.org\/{rel}","templated":true}]}}