{"id":30,"date":"2015-08-03T11:04:36","date_gmt":"2015-08-03T09:04:36","guid":{"rendered":"http:\/\/www.jamesjakuzzi.ch\/SCHNITT\/?page_id=30"},"modified":"2021-12-31T10:18:26","modified_gmt":"2021-12-31T09:18:26","slug":"schnittwerk","status":"publish","type":"page","link":"http:\/\/www.jamesjakuzzi.ch\/SCHNITT\/schnittwerk\/","title":{"rendered":"Schnittwerk"},"content":{"rendered":"<div class=\"wpb-content-wrapper\"><p>[vc_row row_height_percent=&#187;0&#8243; override_padding=&#187;yes&#187; h_padding=&#187;2&#8243; top_padding=&#187;2&#8243; bottom_padding=&#187;2&#8243; overlay_alpha=&#187;50&#8243; gutter_size=&#187;3&#8243; column_width_percent=&#187;100&#8243; shift_y=&#187;0&#8243; z_index=&#187;0&#8243;][vc_column column_width_percent=&#187;100&#8243; align_horizontal=&#187;align_center&#187; overlay_alpha=&#187;50&#8243; gutter_size=&#187;3&#8243; medium_width=&#187;0&#8243; mobile_width=&#187;0&#8243; shift_x=&#187;0&#8243; shift_y=&#187;0&#8243; shift_y_down=&#187;0&#8243; z_index=&#187;0&#8243; width=&#187;1\/1&#8243;][vc_icon icon_image=&#187;1321&#8243;][\/vc_icon][vc_separator][\/vc_column][\/vc_row][vc_row][vc_column width=&#187;1\/1&#8243;][vc_column_text]Schnittwerk Bikes baut Fahrr\u00e4der aus Leidenschaft und mit Herzblut. Vom alten Klassiker bis zum funktionalen Performance Rad. Verbindet die Leidenschaft an sch\u00f6nem Design mit den h\u00f6chsten Anforderungen an Qualit\u00e4t und Funktion, Fixedgear bis Mountain Bike. Vom Service bis zum Neuaufbau. Genau nach deinen Vorstellungen. Der Umwelt zu liebe wird versucht, gebrauchtes zu revidieren und recyceln. Wo n\u00f6tig werden Teile durch neues Material oder Originalteile ersetzt, so dass das Endprodukt immer den h\u00f6chsten Anforderungen an Optik, Funktion und Sicherheit entspricht.<\/p>\n<p>Du hast dein Wunschrad vor Augen? Dann z\u00f6gere nicht und melde dich \u00fcber <a href=\"http:\/\/www.jamesjakuzzi.ch\/SCHNITT\/kontakt\/\">Kontakt<\/a> bei Schnittwerk Bikes![\/vc_column_text][\/vc_column][\/vc_row][vc_row][vc_column width=&#187;1\/1&#8243;][vc_empty_space empty_h=&#187;3&#8243;][\/vc_column][\/vc_row]<\/p>\n<\/div>","protected":false},"excerpt":{"rendered":"<p>[vc_row row_height_percent=&#187;0&#8243; override_padding=&#187;yes&#187; h_padding=&#187;2&#8243; top_padding=&#187;2&#8243; bottom_padding=&#187;2&#8243; overlay_alpha=&#187;50&#8243; gutter_size=&#187;3&#8243; column_width_percent=&#187;100&#8243; shift_y=&#187;0&#8243; z_index=&#187;0&#8243;][vc_column column_width_percent=&#187;100&#8243; align_horizontal=&#187;align_center&#187; overlay_alpha=&#187;50&#8243; gutter_size=&#187;3&#8243; medium_width=&#187;0&#8243; mobile_width=&#187;0&#8243; shift_x=&#187;0&#8243; shift_y=&#187;0&#8243; shift_y_down=&#187;0&#8243; [&hellip;]<\/p>\n","protected":false},"author":1,"featured_media":0,"parent":0,"menu_order":0,"comment_status":"closed","ping_status":"closed","template":"","meta":{"footnotes":""},"_links":{"self":[{"href":"http:\/\/www.jamesjakuzzi.ch\/SCHNITT\/wp-json\/wp\/v2\/pages\/30"}],"collection":[{"href":"http:\/\/www.jamesjakuzzi.ch\/SCHNITT\/wp-json\/wp\/v2\/pages"}],"about":[{"href":"http:\/\/www.jamesjakuzzi.ch\/SCHNITT\/wp-json\/wp\/v2\/types\/page"}],"author":[{"embeddable":true,"href":"http:\/\/www.jamesjakuzzi.ch\/SCHNITT\/wp-json\/wp\/v2\/users\/1"}],"replies":[{"embeddable":true,"href":"http:\/\/www.jamesjakuzzi.ch\/SCHNITT\/wp-json\/wp\/v2\/comments?post=30"}],"version-history":[{"count":2,"href":"http:\/\/www.jamesjakuzzi.ch\/SCHNITT\/wp-json\/wp\/v2\/pages\/30\/revisions"}],"predecessor-version":[{"id":1431,"href":"http:\/\/www.jamesjakuzzi.ch\/SCHNITT\/wp-json\/wp\/v2\/pages\/30\/revisions\/1431"}],"wp:attachment":[{"href":"http:\/\/www.jamesjakuzzi.ch\/SCHNITT\/wp-json\/wp\/v2\/media?parent=30"}],"curies":[{"name":"wp","href":"https:\/\/api.w.org\/{rel}","templated":true}]}}